{"id":569,"date":"2025-04-12T15:55:56","date_gmt":"2025-04-12T13:55:56","guid":{"rendered":"https:\/\/senmixmaster.com\/?page_id=569"},"modified":"2025-04-21T13:14:03","modified_gmt":"2025-04-21T11:14:03","slug":"terms-and-conditions","status":"publish","type":"page","link":"https:\/\/senmixmaster.com\/fr\/terms-and-conditions\/","title":{"rendered":"Termes et Conditions"},"content":{"rendered":"<div data-elementor-type=\"wp-page\" data-elementor-id=\"569\" class=\"elementor elementor-569\">\n\t\t\t\t<div class=\"elementor-element elementor-element-3700aabd e-flex e-con-boxed e-con e-parent\" data-id=\"3700aabd\" data-element_type=\"container\" data-settings=\"{&quot;background_background&quot;:&quot;classic&quot;}\">\n\t\t\t\t\t<div class=\"e-con-inner\">\n\t\t<div class=\"elementor-element elementor-element-2ce3b103 e-flex e-con-boxed e-con e-child\" data-id=\"2ce3b103\" data-element_type=\"container\">\n\t\t\t\t\t<div class=\"e-con-inner\">\n\t\t<div class=\"elementor-element elementor-element-70d66758 e-con-full e-flex e-con e-child\" data-id=\"70d66758\" data-element_type=\"container\">\n\t\t\t\t<div class=\"elementor-element elementor-element-02da3ea elementor-widget elementor-widget-jkit_heading\" data-id=\"02da3ea\" data-element_type=\"widget\" data-widget_type=\"jkit_heading.default\">\n\t\t\t\t<div class=\"elementor-widget-container\">\n\t\t\t\t\t<div  class=\"jeg-elementor-kit jkit-heading  align- align-tablet- align-mobile- jeg_module___69fc948ae7a2f\" ><div class=\"heading-section-title  display-inline\"><h2 class=\"heading-title\"><span class=\"style-gradient\"><span>Termes et Conditions<\/span><\/span><\/h2><\/div><\/div>\t\t\t\t<\/div>\n\t\t\t\t<\/div>\n\t\t\t\t<\/div>\n\t\t\t\t\t<\/div>\n\t\t\t\t<\/div>\n\t\t\t\t\t<\/div>\n\t\t\t\t<\/div>\n\t\t<div class=\"elementor-element elementor-element-5dc0725 e-flex e-con-boxed e-con e-parent\" data-id=\"5dc0725\" data-element_type=\"container\" data-settings=\"{&quot;background_background&quot;:&quot;classic&quot;}\">\n\t\t\t\t\t<div class=\"e-con-inner\">\n\t\t\t\t<div class=\"elementor-element elementor-element-c19eed5 elementor-widget elementor-widget-text-editor\" data-id=\"c19eed5\" data-element_type=\"widget\" data-widget_type=\"text-editor.default\">\n\t\t\t\t<div class=\"elementor-widget-container\">\n\t\t\t\t\t\t\t\t\t<p>Merci d'utiliser Senmixmaster (ci-apr\u00e8s \u00e9galement d\u00e9nomm\u00e9 \u00ab\u00a0nous\u00a0\u00bb, \u00ab\u00a0la plateforme\u00a0\u00bb, \u00ab\u00a0l'application\u00a0\u00bb, \u00ab\u00a0le service\u00a0\u00bb, \u00ab\u00a0le site\u00a0\u00bb et \u00ab\u00a0le syst\u00e8me\u00a0\u00bb). En utilisant Senmixmaster, vous acceptez de respecter les conditions d'utilisation suivantes, qui r\u00e9gissent la plateforme, nos pages sur les r\u00e9seaux sociaux, nos forums et tout autre m\u00e9dia associ\u00e9 \u00e0 notre marque, cr\u00e9\u00e9 ou utilis\u00e9 ult\u00e9rieurement par nous. Si vous n'acceptez pas ces conditions d'utilisation, veuillez ne pas utiliser nos services.<\/p><p>Furthermore, by using Senmixmaster, you confirm that you are over the age of 18 or have the express consent of a guardian or parent to use the application if you are under 18. These terms of service may be modified at any time without notice. We will post any changes to these terms of service on this page. By continuing to use Senmixmaster, you agree to abide by the most recent version of the Terms of Service available on the website.<\/p><p><strong>Copyright:<\/strong><br \/>Senmixmaster et son contenu, y compris, mais sans s'y limiter, les \u00e9l\u00e9ments graphiques, l'apparence visuelle, la conception, les codes, les algorithmes et autres \u00e9l\u00e9ments li\u00e9s au site web et \u00e0 l'application, sont la propri\u00e9t\u00e9 de Senmixmaster ou de ses fournisseurs de contenu et sont prot\u00e9g\u00e9s par le droit d'auteur. Il est interdit de redistribuer, copier, publier ou utiliser les informations susmentionn\u00e9es d'une mani\u00e8re qui contreviendrait \u00e0 ces lois.<\/p><p><strong>politique de confidentialit\u00e9<\/strong><br \/>Notre politique de confidentialit\u00e9 d\u00e9crit les informations que Senmixmaster re\u00e7oit \u00e0 votre sujet, comment nous les utilisons et comment nous les prot\u00e9geons. En utilisant ce site web, vous acceptez que nous utilisions ces informations conform\u00e9ment \u00e0 notre politique de confidentialit\u00e9.\u00a0<\/p><p><strong>Votre contenu, vos droits et vos autorisations\u00a0:<\/strong>\u00a0<\/p><p>En utilisant notre site, vous b\u00e9n\u00e9ficiez d'une licence nominative non exclusive pour acc\u00e9der \u00e0 la plateforme, conform\u00e9ment \u00e0 nos conditions d'utilisation et autres politiques. Notre plateforme vous permet de modifier et d'adapter votre contenu cr\u00e9atif existant. En utilisant notre plateforme, vous reconnaissez que ce contenu, ci-apr\u00e8s appel\u00e9 \u00ab\u00a0vos \u0153uvres\u00a0\u00bb, est votre propri\u00e9t\u00e9 intellectuelle et non celle d'une autre personne physique ou morale. Senmixmaster ne revendique aucun droit sur ce contenu, et la propri\u00e9t\u00e9 intellectuelle et les droits d'auteur sur vos \u0153uvres restent les v\u00f4tres lorsque vous utilisez notre service. Vous ne pouvez pas copier, t\u00e9l\u00e9charger ou partager du contenu qui ne vous appartient pas, sauf autorisation expresse du ou des propri\u00e9taires du contenu. Si vous violez les droits d'auteur ou de propri\u00e9t\u00e9 intellectuelle d'autrui lors de l'utilisation de notre service, Senmixmaster d\u00e9cline toute responsabilit\u00e9 quant aux dommages que vous pourriez subir en cons\u00e9quence. En utilisant notre plateforme, vous nous accordez le droit de r\u00e9silier ou de suspendre votre compte en raison de ces violations. En utilisant notre service, vous acceptez que Senmixmaster h\u00e9berge, partage et modifie votre propri\u00e9t\u00e9 intellectuelle pendant votre utilisation de notre plateforme. Vous consentez \u00e9galement \u00e0 ce que nous, ainsi que les entit\u00e9s de confiance avec lesquelles nous collaborons, sauvegardions, stockions et partagions vos \u0153uvres avec vous. Nous ne sommes pas responsables de la conformit\u00e9 du contenu que vous partagez sur la plateforme avec les principes mentionn\u00e9s ci-dessus et \u00e0 l'avenir. L'utilisation de notre plateforme peut n\u00e9cessiter la v\u00e9rification ou l'authentification de votre adresse e-mail personnelle, ou d'autres moyens de cryptage du mot de passe afin de pr\u00e9server la confidentialit\u00e9 de votre compte. Il est de votre responsabilit\u00e9 de pr\u00e9server l'int\u00e9grit\u00e9 de ces informations et de ne pas partager votre compte ni vos identifiants de connexion avec des tiers. Si d'autres personnes acc\u00e8dent \u00e0 votre compte, vous serez responsable de leur utilisation. Si vous pensez que votre compte ou vos identifiants de connexion ont \u00e9t\u00e9 utilis\u00e9s sans votre autorisation, vous devez nous en informer par \u00e9crit et modifier votre mot de passe d\u00e8s que possible. En utilisant la plateforme, vous acceptez de l'utiliser en tant que propri\u00e9t\u00e9 intellectuelle individuelle, et non en tant qu'institution, entit\u00e9 ou groupe d'individus op\u00e9rant via un compte unique. De plus, vous \u00eates autoris\u00e9 \u00e0 partager le site web de Senmixmaster, \u00e0 condition que ces liens ne soient pas publi\u00e9s sur des sites \u00e0 contenu pornographique, obsc\u00e8ne, diffamatoire ou autrement ill\u00e9gal\/pr\u00e9judiciable. Cette autorisation est accord\u00e9e, sauf si nous vous demandons de cesser de fournir des liens vers notre site, auquel cas vous vous engagez \u00e0 cesser imm\u00e9diatement de fournir ces liens.<\/p><p>Si nous estimons que votre compte enfreint la Politique de confidentialit\u00e9, les Conditions d'utilisation, la Politique d'utilisation acceptable, la loi ou toute autre politique mentionn\u00e9e ci-dessus de Senmixmaster, ou menace les moyens de subsistance, la vie priv\u00e9e ou les droits de propri\u00e9t\u00e9 intellectuelle d'autres personnes et\/ou entit\u00e9s, nous nous r\u00e9servons le droit de r\u00e9silier votre compte et\/ou de supprimer le contenu que vous avez partag\u00e9 sur la plateforme. La r\u00e9siliation peut \u00e9galement intervenir si votre activit\u00e9 ou votre compte nous expose \u00e0 une responsabilit\u00e9 l\u00e9gale, interf\u00e8re avec notre service pour d'autres utilisateurs ou a un impact n\u00e9gatif sur ces derniers.<\/p><p><strong>Politique d'utilisation acceptable :<\/strong><br \/>Notre Politique d'utilisation acceptable d\u00e9crit les utilisations acceptables et interdites du site. En utilisant le site, vous acceptez de l'utiliser conform\u00e9ment \u00e0 la Politique d'utilisation acceptable.<\/p><p><strong>Utilisation des cr\u00e9dits pour les versions\u00a0:<\/strong><br \/>Si l'application est utilis\u00e9e pour une chanson\/un morceau audio disponible sur iTunes, Spotify ou tout autre m\u00e9dia promotionnel ou pertinent, vous acceptez d'inclure la mention \u00ab\u00a0masteris\u00e9 par Senmixmaster\u00a0\u00bb au g\u00e9n\u00e9rique de ladite version, si possible. En utilisant notre plateforme, vous autorisez Senmixmaster \u00e0 utiliser ladite chanson\/morceau audio et votre nom pour promouvoir notre service.<\/p><p><strong>Modification et r\u00e9siliation du site :<\/strong><br \/>Senmixmaster s'efforce constamment d'am\u00e9liorer son site. Par cons\u00e9quent, Senmixmaster se r\u00e9serve le droit d'y apporter des modifications \u00e0 tout moment. Nous nous r\u00e9servons \u00e9galement le droit de r\u00e9silier ou d'interrompre compl\u00e8tement le site. En cas de r\u00e9siliation ou d'annulation du service, nous vous informerons \u00e0 l'avance afin que vous puissiez r\u00e9cup\u00e9rer vos informations sur le site, si cela est raisonnablement possible.<\/p><p><strong>INDEMNIT\u00c9<\/strong><br \/>En utilisant notre service, vous acceptez de d\u00e9fendre, d'indemniser et de d\u00e9gager de toute responsabilit\u00e9 Senmixmaster et ses filiales, agents, employ\u00e9s, successeurs, parties li\u00e9es, annonceurs, administrateurs, conseillers, actionnaires, dirigeants et soci\u00e9t\u00e9s affili\u00e9es (collectivement, les \u00ab Parties affili\u00e9es \u00bb) de et contre toutes r\u00e9clamations, demandes, co\u00fbts, d\u00e9penses, responsabilit\u00e9s et dommages, y compris les frais juridiques, d\u00e9coulant de votre utilisation du site, de votre violation des pr\u00e9sentes conditions de service ou d'autres politiques, et\/ou de toute violation ou violation de la propri\u00e9t\u00e9 intellectuelle commise par vous ou votre compte sur le site.<\/p><p><strong>Avis de non-responsabilit\u00e9 des fournisseurs tiers<\/strong><br \/>En utilisant notre plateforme, vous comprenez que le contenu et les opinions partag\u00e9s par des sources tierces sur notre plateforme ne sont pas repr\u00e9sentatifs de Senmixmaster ni de ses filiales. Ce contenu tiers ne repr\u00e9sente donc ni Senmixmaster ni nos opinions. Tout contenu tiers partag\u00e9 sur notre plateforme repr\u00e9sente uniquement les pens\u00e9es de son cr\u00e9ateur original et n'est en aucun cas approuv\u00e9 par nous.\u00a0<\/p><p>En cas de pratiques illicites :<br \/>Si, \u00e0 tout moment, nous estimons qu'un aspect du pr\u00e9sent accord n'est pas respect\u00e9, nous nous r\u00e9servons le droit d'enqu\u00eater sur toute violation ou action et de prendre les mesures que nous jugeons appropri\u00e9es. Cela inclut, sans s'y limiter, la divulgation des informations vous concernant obtenues sur la plateforme aux agences gouvernementales et aux autorit\u00e9s charg\u00e9es de l'application de la loi.<\/p><p><strong>Divulgation des paiements :<\/strong><br \/>En utilisant Senmixmaster et toute offre payante sur la plateforme, vous garantissez que toutes les informations de paiement fournies lors de la transaction sont vraies et compl\u00e8tes, que les transactions que vous initiez seront trait\u00e9es par votre banque ou votre service d'argent mobile, et que vous acceptez de payer tout montant suppl\u00e9mentaire dans le cas o\u00f9 des taxes applicables seraient dues.<\/p><p><strong>Conformit\u00e9 juridique :<\/strong><br \/>En utilisant Senmixmaster, vous acceptez de vous conformer \u00e0 toutes les lois, ordonnances (\u00e9trang\u00e8res et nationales), statuts et r\u00e9glementations applicables qui r\u00e9gissent votre utilisation de notre plateforme et des mat\u00e9riaux et contenus qui y sont associ\u00e9s.<\/p><p><strong>Litiges<\/strong><br \/>Vous et Senmixmaster convenez que toute r\u00e9clamation ou tout litige li\u00e9 de quelque mani\u00e8re que ce soit aux pr\u00e9sentes Conditions d'utilisation ou \u00e0 votre utilisation du Site sera r\u00e9solu exclusivement par arbitrage d\u00e9finitif et ex\u00e9cutoire, plut\u00f4t que devant un tribunal. L'arbitrage sera men\u00e9 devant les tribunaux s\u00e9n\u00e9galais conform\u00e9ment \u00e0 leurs r\u00e8gles et proc\u00e9dures. La proc\u00e9dure d'arbitrage sera men\u00e9e uniquement sur une base individuelle et non dans le cadre d'une action collective, d'une action collective ou d'une action repr\u00e9sentative. La proc\u00e9dure d'arbitrage se tiendra \u00e0 Dakar et chaque partie partagera les frais d'arbitrage. Si, pour quelque raison que ce soit, la r\u00e9clamation ou le litige est port\u00e9 devant un tribunal plut\u00f4t que par arbitrage, vous et Senmixmaster acceptez de le r\u00e9gler devant un tribunal d'\u00c9tat et de vous soumettre \u00e0 la comp\u00e9tence personnelle de ce tribunal. Vous renoncez \u00e0 tout droit \u00e0 un proc\u00e8s avec jury.<br \/>Nonobstant les paragraphes pr\u00e9c\u00e9dents, vous et Senmixmaster pouvez intenter une action en justice pour interdire la violation ou toute autre utilisation abusive des droits de propri\u00e9t\u00e9 intellectuelle.<\/p><p><strong>Loi applicable<\/strong><br \/>En utilisant le Site, vous acceptez que, sauf dans la mesure interdite par la loi, les Conditions d'utilisation et toute r\u00e9clamation ou litige de toute nature pouvant survenir ou survenant entre vous et Senmixmaster, pr\u00e9vaudront.<\/p><p><strong>Divisibilit\u00e9<\/strong><br \/>Si l'une des conditions de service ci-dessus est jug\u00e9e inapplicable, nulle ou invalide, cette condition sera consid\u00e9r\u00e9e comme s\u00e9parable et n'affectera pas l'applicabilit\u00e9 et la validit\u00e9 des conditions de service restantes.<\/p><p><strong>G\u00e9n\u00e9rale<\/strong><br \/>Aucun aspect du pr\u00e9sent Contrat ne constitue un partenariat ou une coentreprise de quelque nature que ce soit entre vous et Senmixmaster, ses filiales, agents, employ\u00e9s, parties int\u00e9ress\u00e9es, administrateurs, conseillers, actionnaires, dirigeants et\/ou soci\u00e9t\u00e9s affili\u00e9es.<\/p>\t\t\t\t\t\t\t\t<\/div>\n\t\t\t\t<\/div>\n\t\t\t\t\t<\/div>\n\t\t\t\t<\/div>\n\t\t\t\t<\/div>","protected":false},"excerpt":{"rendered":"<p>Terms and Conditions Thank you for using Senmixmaster (hereinafter also referred to as &#8220;we&#8221;, &#8220;us&#8221;, &#8220;the platform&#8221;, &#8220;the application&#8221;, &#8220;the service&#8221;, &#8220;the site&#8221;, and &#8220;the system&#8221;). By using Senmixmaster, you agree to comply with and be bound by the following terms of service, which govern the platform, our social media pages, forums, and any other&hellip; <a class=\"more-link\" href=\"https:\/\/senmixmaster.com\/fr\/terms-and-conditions\/\">Poursuivre la lecture <span class=\"screen-reader-text\">Termes et Conditions<\/span><\/a><\/p>","protected":false},"author":2,"featured_media":0,"parent":0,"menu_order":0,"comment_status":"closed","ping_status":"closed","template":"elementor_header_footer","meta":{"footnotes":""},"class_list":["post-569","page","type-page","status-publish","hentry","entry"],"_links":{"self":[{"href":"https:\/\/senmixmaster.com\/fr\/wp-json\/wp\/v2\/pages\/569","targetHints":{"allow":["GET"]}}],"collection":[{"href":"https:\/\/senmixmaster.com\/fr\/wp-json\/wp\/v2\/pages"}],"about":[{"href":"https:\/\/senmixmaster.com\/fr\/wp-json\/wp\/v2\/types\/page"}],"author":[{"embeddable":true,"href":"https:\/\/senmixmaster.com\/fr\/wp-json\/wp\/v2\/users\/2"}],"replies":[{"embeddable":true,"href":"https:\/\/senmixmaster.com\/fr\/wp-json\/wp\/v2\/comments?post=569"}],"version-history":[{"count":31,"href":"https:\/\/senmixmaster.com\/fr\/wp-json\/wp\/v2\/pages\/569\/revisions"}],"predecessor-version":[{"id":831,"href":"https:\/\/senmixmaster.com\/fr\/wp-json\/wp\/v2\/pages\/569\/revisions\/831"}],"wp:attachment":[{"href":"https:\/\/senmixmaster.com\/fr\/wp-json\/wp\/v2\/media?parent=569"}],"curies":[{"name":"wp","href":"https:\/\/api.w.org\/{rel}","templated":true}]}}