{"id":684,"date":"2025-04-14T04:27:58","date_gmt":"2025-04-14T02:27:58","guid":{"rendered":"https:\/\/senmixmaster.com\/?page_id=684"},"modified":"2025-07-12T13:48:18","modified_gmt":"2025-07-12T11:48:18","slug":"mastering","status":"publish","type":"page","link":"https:\/\/senmixmaster.com\/fr\/mastering\/","title":{"rendered":"Mastering"},"content":{"rendered":"<div data-elementor-type=\"wp-page\" data-elementor-id=\"684\" class=\"elementor elementor-684\">\n\t\t\t\t<div class=\"elementor-element elementor-element-ef82d2 e-flex e-con-boxed e-con e-parent\" data-id=\"ef82d2\" data-element_type=\"container\" data-settings=\"{&quot;background_background&quot;:&quot;classic&quot;}\">\n\t\t\t\t\t<div class=\"e-con-inner\">\n\t\t<div class=\"elementor-element elementor-element-16ac08d2 e-flex e-con-boxed e-con e-child\" data-id=\"16ac08d2\" data-element_type=\"container\">\n\t\t\t\t\t<div class=\"e-con-inner\">\n\t\t\t\t<div class=\"elementor-element elementor-element-5dd23b94 elementor-widget__width-inherit elementor-widget elementor-widget-jkit_post_date\" data-id=\"5dd23b94\" data-element_type=\"widget\" data-widget_type=\"jkit_post_date.default\">\n\t\t\t\t<div class=\"elementor-widget-container\">\n\t\t\t\t\t<div  class=\"jeg-elementor-kit jkit-post-date jeg_module___69f5dff113bdf\" ><p class=\"post-date\">17\/07\/2025<\/p><\/div>\t\t\t\t<\/div>\n\t\t\t\t<\/div>\n\t\t\t\t<div class=\"elementor-element elementor-element-66ba8b8d elementor-widget__width-inherit elementor-widget elementor-widget-jkit_post_title\" data-id=\"66ba8b8d\" data-element_type=\"widget\" data-widget_type=\"jkit_post_title.default\">\n\t\t\t\t<div class=\"elementor-widget-container\">\n\t\t\t\t\t<div  class=\"jeg-elementor-kit jkit-post-title jeg_module__1_69f5dff11493f\" ><h2 class=\"post-title style-color\">Mastering<\/h2><\/div>\t\t\t\t<\/div>\n\t\t\t\t<\/div>\n\t\t\t\t<div class=\"elementor-element elementor-element-7e54f070 elementor-widget-tablet__width-auto elementor-widget elementor-widget-jkit_post_author\" data-id=\"7e54f070\" data-element_type=\"widget\" data-widget_type=\"jkit_post_author.default\">\n\t\t\t\t<div class=\"elementor-widget-container\">\n\t\t\t\t\t<div  class=\"jeg-elementor-kit jkit-post-author jeg_module__2_69f5dff11550f\" ><p class=\"post-author\"> <\/p><\/div>\t\t\t\t<\/div>\n\t\t\t\t<\/div>\n\t\t\t\t\t<\/div>\n\t\t\t\t<\/div>\n\t\t\t\t\t<\/div>\n\t\t\t\t<\/div>\n\t\t<div class=\"elementor-element elementor-element-12f25dec e-flex e-con-boxed e-con e-parent\" data-id=\"12f25dec\" data-element_type=\"container\" data-settings=\"{&quot;background_background&quot;:&quot;classic&quot;}\">\n\t\t\t\t\t<div class=\"e-con-inner\">\n\t\t<div class=\"elementor-element elementor-element-59ac38ab e-con-full e-flex e-con e-child\" data-id=\"59ac38ab\" data-element_type=\"container\">\n\t\t\t\t<div class=\"elementor-element elementor-element-8fbca9a elementor-widget elementor-widget-image\" data-id=\"8fbca9a\" data-element_type=\"widget\" data-widget_type=\"image.default\">\n\t\t\t\t<div class=\"elementor-widget-container\">\n\t\t\t\t\t\t\t\t\t\t\t\t\t\t\t<img fetchpriority=\"high\" width=\"750\" height=\"368\"  class=\"attachment-large size-large wp-image-687 lws-optimize-lazyload\" alt=\"\" srcset=\"https:\/\/senmixmaster.com\/wp-content\/uploads\/2025\/04\/stm-1024x502.jpg 1024w, https:\/\/senmixmaster.com\/wp-content\/uploads\/2025\/04\/stm-300x147.jpg 300w, https:\/\/senmixmaster.com\/wp-content\/uploads\/2025\/04\/stm-768x376.jpg 768w, https:\/\/senmixmaster.com\/wp-content\/uploads\/2025\/04\/stm-1536x753.jpg 1536w, https:\/\/senmixmaster.com\/wp-content\/uploads\/2025\/04\/stm-2048x1003.jpg 2048w, https:\/\/senmixmaster.com\/wp-content\/uploads\/2025\/04\/stm-1568x768.jpg 1568w\" sizes=\"(max-width: 750px) 100vw, 750px\" style=\"width:100%;height:48.98%;max-width:2560px\" >\t\t\t\t\t\t\t\t\t\t\t\t\t\t\t<\/div>\n\t\t\t\t<\/div>\n\t\t\t\t<div class=\"elementor-element elementor-element-49347cd9 elementor-widget elementor-widget-heading\" data-id=\"49347cd9\" data-element_type=\"widget\" data-widget_type=\"heading.default\">\n\t\t\t\t<div class=\"elementor-widget-container\">\n\t\t\t\t\t<h2 class=\"elementor-heading-title elementor-size-default\">Lib\u00e9rer tout le potentiel de votre musique\u00a0: l'art et la science du mastering<\/h2>\t\t\t\t<\/div>\n\t\t\t\t<\/div>\n\t\t\t\t<div class=\"elementor-element elementor-element-60ac5a66 elementor-widget elementor-widget-text-editor\" data-id=\"60ac5a66\" data-element_type=\"widget\" data-widget_type=\"text-editor.default\">\n\t\t\t\t<div class=\"elementor-widget-container\">\n\t\t\t\t\t\t\t\t\t<p>Dans le paysage en constante \u00e9volution de la production musicale, il existe une \u00e9tape cruciale, mais souvent m\u00e9connue, qui fait le lien entre un mixage brut et un chef-d'\u0153uvre abouti\u00a0: le mastering. Pour les artistes qui souhaitent se d\u00e9marquer, le mastering est l'arme secr\u00e8te qui transforme un morceau de \u00ab\u00a0bon\u00a0\u00bb en \u00ab\u00a0extraordinaire\u00a0\u00bb. Mais qu'est-ce que le mastering exactement, et comment peut-il permettre aux artistes d'atteindre leurs objectifs cr\u00e9atifs et professionnels\u00a0? D\u00e9couvrons-le.<\/p><p><strong>Qu'est-ce que le mastering musical ?<\/strong><br \/>Le mastering musical est l'\u00e9tape finale de la production audio. Le mix final est peaufin\u00e9 et optimis\u00e9 pour une diffusion sur diff\u00e9rentes plateformes et syst\u00e8mes de lecture. Consid\u00e9rez-le comme la phase de \u00ab\u00a0contr\u00f4le qualit\u00e9\u00a0\u00bb\u00a0: un ing\u00e9nieur de mastering qualifi\u00e9 utilise des outils sp\u00e9cialis\u00e9s et une oreille attentive pour garantir que votre musique soit coh\u00e9rente, \u00e9quilibr\u00e9e et professionnelle, quel que soit le support\u00a0: plateformes de streaming, vinyle, radio ou casque.<\/p><p><strong>D\u00e9composition du processus :<\/strong><\/p><p>Am\u00e9lioration de la qualit\u00e9 sonore : le mastering implique des ajustements subtils de l'\u00e9galisation (EQ), de la compression et de l'image st\u00e9r\u00e9o pour clarifier le mixage, am\u00e9liorer la dynamique et assurer l'\u00e9quilibre tonal.<\/p><p>Coh\u00e9rence : pour les albums ou les EP, le mastering garantit que tous les morceaux partagent un volume, un ton et un flux \u00e9motionnel uniformes.<\/p><p><strong>Pr\u00e9paration technique :<\/strong> Exigences sp\u00e9cifiques (par exemple, normes de volume pour Spotify) et m\u00e9tadonn\u00e9es int\u00e9gr\u00e9es (codes ISRC, titres des pistes) pour la publication.<\/p><p>Correction d\u2019erreur : les probl\u00e8mes de mixage mineurs, comme les fr\u00e9quences dures ou la dynamique in\u00e9gale, sont r\u00e9solus sans alt\u00e9rer la vision originale de l\u2019artiste.<\/p><p><strong>Comment le mastering donne du pouvoir aux artistes<\/strong><br \/><strong>Polonais professionnel :<\/strong><br \/>Dans un march\u00e9 satur\u00e9, les auditeurs (et les professionnels du secteur) jugent la musique en quelques secondes. Le mastering conf\u00e8re \u00e0 votre morceau une touche de professionnalisme, indiquant que votre travail est pr\u00eat pour la sc\u00e8ne. Un morceau bien masteris\u00e9 rivalise avec les hits du moment, ce qui augmente ses chances de trouver un \u00e9cho aupr\u00e8s du public et des playlists.<\/p><p><strong>Compatibilit\u00e9 de lecture :<\/strong><br \/>Votre musique sera entendue sur tous types de supports, des haut-parleurs de voiture aux \u00e9couteurs de smartphone. Le mastering garantit une excellente retransmission sur tous les syst\u00e8mes, pr\u00e9servant ainsi l'intention \u00e9motionnelle, qu'elle r\u00e9sonne dans un club ou qu'elle murmure sur un ordinateur portable.<\/p><p><strong>Impact \u00e9motionnel :<\/strong><br \/>Le mastering n'est pas seulement technique, c'est aussi artistique. En peaufinant la dynamique et la profondeur, les ing\u00e9nieurs peuvent amplifier l'\u00e9nergie d'un refrain, ajouter de la chaleur \u00e0 une voix ou cr\u00e9er une sensation d'espace qui plonge l'auditeur au c\u0153ur de la musique.<\/p><p><strong>Pr\u00e9paration au streaming :<\/strong><br \/>Des plateformes comme Apple Music et YouTube appliquent une normalisation du volume sonore, ce qui peut involontairement affaiblir les pistes mal masteris\u00e9es. Un ing\u00e9nieur de mastering optimise le volume sonore et la plage dynamique de votre morceau pour respecter ces normes tout en pr\u00e9servant son dynamisme et sa clart\u00e9.<\/p><p><strong>Corriger les d\u00e9fauts invisibles :<\/strong><br \/>M\u00eame les meilleurs mixages peuvent pr\u00e9senter des d\u00e9fauts mineurs\u00a0: une ligne de basse trop puissante, un chant trop aigu ou un manque de coh\u00e9sion entre les instruments. Le mastering att\u00e9nue ces imperfections, garantissant que rien ne vienne perturber l'exp\u00e9rience de l'auditeur.<\/p><p>Confiance en votre art :<br \/>Savoir que votre musique est techniquement irr\u00e9prochable vous permet de la promouvoir avec fiert\u00e9. Pour les artistes ind\u00e9pendants, cette confiance est pr\u00e9cieuse lorsqu'ils se pr\u00e9sentent aux labels, aux agences de synchronisation ou aux fans.<\/p>\t\t\t\t\t\t\t\t<\/div>\n\t\t\t\t<\/div>\n\t\t\t\t<div class=\"elementor-element elementor-element-2fee06ee elementor-widget elementor-widget-heading\" data-id=\"2fee06ee\" data-element_type=\"widget\" data-widget_type=\"heading.default\">\n\t\t\t\t<div class=\"elementor-widget-container\">\n\t\t\t\t\t<h3 class=\"elementor-heading-title elementor-size-default\">Am\u00e9liorer le potentiel artistique\u00a0: comment les plateformes de mastering musical bas\u00e9es sur l'IA renforcent le potentiel des artistes<\/h3>\t\t\t\t<\/div>\n\t\t\t\t<\/div>\n\t\t\t\t<div class=\"elementor-element elementor-element-1fa0f6e3 elementor-widget elementor-widget-text-editor\" data-id=\"1fa0f6e3\" data-element_type=\"widget\" data-widget_type=\"text-editor.default\">\n\t\t\t\t<div class=\"elementor-widget-container\">\n\t\t\t\t\t\t\t\t\t<p>L'essor des plateformes de mastering musical bas\u00e9es sur l'IA a r\u00e9volutionn\u00e9 la fa\u00e7on dont les artistes peaufinent et diffusent leur musique. Ces outils allient technologie de pointe et accessibilit\u00e9 intuitive, offrant des solutions r\u00e9pondant \u00e0 des d\u00e9fis cr\u00e9atifs et pratiques. Nous explorons ci-dessous les avantages sp\u00e9cifiques des plateformes de mastering bas\u00e9es sur l'IA pour les artistes.<\/p>\t\t\t\t\t\t\t\t<\/div>\n\t\t\t\t<\/div>\n\t\t\t\t<div class=\"elementor-element elementor-element-4d8c1452 elementor-widget__width-inherit elementor-icon-list--layout-traditional elementor-list-item-link-full_width elementor-widget elementor-widget-icon-list\" data-id=\"4d8c1452\" data-element_type=\"widget\" data-widget_type=\"icon-list.default\">\n\t\t\t\t<div class=\"elementor-widget-container\">\n\t\t\t\t\t\t\t<ul class=\"elementor-icon-list-items\">\n\t\t\t\t\t\t\t<li class=\"elementor-icon-list-item\">\n\t\t\t\t\t\t\t\t\t\t\t<span class=\"elementor-icon-list-icon\">\n\t\t\t\t\t\t\t<svg aria-hidden=\"true\" class=\"e-font-icon-svg e-fas-circle\" viewbox=\"0 0 512 512\" xmlns=\"http:\/\/www.w3.org\/2000\/svg\"><path d=\"M256 8C119 8 8 119 8 256s111 248 248 248 248-111 248-248S393 8 256 8z\"><\/path><\/svg>\t\t\t\t\t\t<\/span>\n\t\t\t\t\t\t\t\t\t\t<span class=\"elementor-icon-list-text\">Qualit\u00e9 professionnelle et \u00e9conomique<\/span>\n\t\t\t\t\t\t\t\t\t<\/li>\n\t\t\t\t\t\t\t\t<li class=\"elementor-icon-list-item\">\n\t\t\t\t\t\t\t\t\t\t\t<span class=\"elementor-icon-list-icon\">\n\t\t\t\t\t\t\t<svg aria-hidden=\"true\" class=\"e-font-icon-svg e-fas-circle\" viewbox=\"0 0 512 512\" xmlns=\"http:\/\/www.w3.org\/2000\/svg\"><path d=\"M256 8C119 8 8 119 8 256s111 248 248 248 248-111 248-248S393 8 256 8z\"><\/path><\/svg>\t\t\t\t\t\t<\/span>\n\t\t\t\t\t\t\t\t\t\t<span class=\"elementor-icon-list-text\">Vitesse et accessibilit\u00e9<\/span>\n\t\t\t\t\t\t\t\t\t<\/li>\n\t\t\t\t\t\t\t\t<li class=\"elementor-icon-list-item\">\n\t\t\t\t\t\t\t\t\t\t\t<span class=\"elementor-icon-list-icon\">\n\t\t\t\t\t\t\t<svg aria-hidden=\"true\" class=\"e-font-icon-svg e-fas-circle\" viewbox=\"0 0 512 512\" xmlns=\"http:\/\/www.w3.org\/2000\/svg\"><path d=\"M256 8C119 8 8 119 8 256s111 248 248 248 248-111 248-248S393 8 256 8z\"><\/path><\/svg>\t\t\t\t\t\t<\/span>\n\t\t\t\t\t\t\t\t\t\t<span class=\"elementor-icon-list-text\">Adaptabilit\u00e9 et coh\u00e9rence du genre<\/span>\n\t\t\t\t\t\t\t\t\t<\/li>\n\t\t\t\t\t\t\t\t<li class=\"elementor-icon-list-item\">\n\t\t\t\t\t\t\t\t\t\t\t<span class=\"elementor-icon-list-icon\">\n\t\t\t\t\t\t\t<svg aria-hidden=\"true\" class=\"e-font-icon-svg e-fas-circle\" viewbox=\"0 0 512 512\" xmlns=\"http:\/\/www.w3.org\/2000\/svg\"><path d=\"M256 8C119 8 8 119 8 256s111 248 248 248 248-111 248-248S393 8 256 8z\"><\/path><\/svg>\t\t\t\t\t\t<\/span>\n\t\t\t\t\t\t\t\t\t\t<span class=\"elementor-icon-list-text\">Fonctionnalit\u00e9s avanc\u00e9es pour un contr\u00f4le cr\u00e9atif<\/span>\n\t\t\t\t\t\t\t\t\t<\/li>\n\t\t\t\t\t\t\t\t<li class=\"elementor-icon-list-item\">\n\t\t\t\t\t\t\t\t\t\t\t<span class=\"elementor-icon-list-icon\">\n\t\t\t\t\t\t\t<svg aria-hidden=\"true\" class=\"e-font-icon-svg e-fas-circle\" viewbox=\"0 0 512 512\" xmlns=\"http:\/\/www.w3.org\/2000\/svg\"><path d=\"M256 8C119 8 8 119 8 256s111 248 248 248 248-111 248-248S393 8 256 8z\"><\/path><\/svg>\t\t\t\t\t\t<\/span>\n\t\t\t\t\t\t\t\t\t\t<span class=\"elementor-icon-list-text\">Combler le foss\u00e9 entre l'IA et l'expertise humaine<\/span>\n\t\t\t\t\t\t\t\t\t<\/li>\n\t\t\t\t\t\t<\/ul>\n\t\t\t\t\t\t<\/div>\n\t\t\t\t<\/div>\n\t\t\t\t<div class=\"elementor-element elementor-element-c2c025 elementor-widget elementor-widget-text-editor\" data-id=\"c2c025\" data-element_type=\"widget\" data-widget_type=\"text-editor.default\">\n\t\t\t\t<div class=\"elementor-widget-container\">\n\t\t\t\t\t\t\t\t\t<p>Les plateformes de mastering IA ne remplacent pas les ing\u00e9nieurs humains, mais constituent de puissants alli\u00e9s. Elles d\u00e9mocratisent l'acc\u00e8s \u00e0 un son professionnel, acc\u00e9l\u00e8rent les workflows et offrent aux artistes des outils pour exp\u00e9rimenter sans crainte. Qu'il s'agisse d'un artiste ind\u00e9pendant \u00e0 la recherche d'un budget abordable ou d'un producteur en qu\u00eate d'it\u00e9rations rapides, le mastering IA permet \u00e0 la musique d'atteindre son plein potentiel\u00a0: soign\u00e9e, comp\u00e9titive et pr\u00eate \u00e0 captiver les auditeurs du monde entier.\u00a0<\/p>\t\t\t\t\t\t\t\t<\/div>\n\t\t\t\t<\/div>\n\t\t<div class=\"elementor-element elementor-element-5367592b e-flex e-con-boxed e-con e-child\" data-id=\"5367592b\" data-element_type=\"container\" data-settings=\"{&quot;background_background&quot;:&quot;gradient&quot;}\">\n\t\t\t\t\t<div class=\"e-con-inner\">\n\t\t\t\t<div class=\"elementor-element elementor-element-2181d380 elementor-widget elementor-widget-heading\" data-id=\"2181d380\" data-element_type=\"widget\" data-widget_type=\"heading.default\">\n\t\t\t\t<div class=\"elementor-widget-container\">\n\t\t\t\t\t<h3 class=\"elementor-heading-title elementor-size-default\">Notre Mot<\/h3>\t\t\t\t<\/div>\n\t\t\t\t<\/div>\n\t\t\t\t<div class=\"elementor-element elementor-element-1e7ee4d8 elementor-widget elementor-widget-text-editor\" data-id=\"1e7ee4d8\" data-element_type=\"widget\" data-widget_type=\"text-editor.default\">\n\t\t\t\t<div class=\"elementor-widget-container\">\n\t\t\t\t\t\t\t\t\t<p>&#8220;<em>Explorez Senmixmaster et d\u00e9couvrez comment notre moteur d'IA, nos outils de mastering et notre suite audio peuvent sublimer votre musique. La technologie Senmixmaster vous ouvre les portes des hits de demain.<\/em>&#8220;<\/p>\t\t\t\t\t\t\t\t<\/div>\n\t\t\t\t<\/div>\n\t\t\t\t\t<\/div>\n\t\t\t\t<\/div>\n\t\t\t\t<div class=\"elementor-element elementor-element-6e6ce2bd elementor-widget-divider--view-line elementor-widget elementor-widget-divider\" data-id=\"6e6ce2bd\" data-element_type=\"widget\" data-widget_type=\"divider.default\">\n\t\t\t\t<div class=\"elementor-widget-container\">\n\t\t\t\t\t\t\t<div class=\"elementor-divider\">\n\t\t\t<span class=\"elementor-divider-separator\">\n\t\t\t\t\t\t<\/span>\n\t\t<\/div>\n\t\t\t\t\t\t<\/div>\n\t\t\t\t<\/div>\n\t\t\t\t<\/div>\n\t\t\t\t\t<\/div>\n\t\t\t\t<\/div>\n\t\t\t\t<\/div>","protected":false},"excerpt":{"rendered":"<p>17\/07\/2025 Mastering Unlocking the Full Potential of Your Music: The Art and Science of Mastering In the ever-evolving landscape of music production, there\u2019s a critical yet often misunderstood step that bridges the gap between a raw mix and a polished masterpiece: music mastering. For artists striving to make their work stand out, mastering is the&hellip; <a class=\"more-link\" href=\"https:\/\/senmixmaster.com\/fr\/mastering\/\">Poursuivre la lecture <span class=\"screen-reader-text\">Mastering<\/span><\/a><\/p>","protected":false},"author":2,"featured_media":0,"parent":0,"menu_order":0,"comment_status":"closed","ping_status":"closed","template":"elementor_header_footer","meta":{"footnotes":""},"class_list":["post-684","page","type-page","status-publish","hentry","entry"],"_links":{"self":[{"href":"https:\/\/senmixmaster.com\/fr\/wp-json\/wp\/v2\/pages\/684","targetHints":{"allow":["GET"]}}],"collection":[{"href":"https:\/\/senmixmaster.com\/fr\/wp-json\/wp\/v2\/pages"}],"about":[{"href":"https:\/\/senmixmaster.com\/fr\/wp-json\/wp\/v2\/types\/page"}],"author":[{"embeddable":true,"href":"https:\/\/senmixmaster.com\/fr\/wp-json\/wp\/v2\/users\/2"}],"replies":[{"embeddable":true,"href":"https:\/\/senmixmaster.com\/fr\/wp-json\/wp\/v2\/comments?post=684"}],"version-history":[{"count":16,"href":"https:\/\/senmixmaster.com\/fr\/wp-json\/wp\/v2\/pages\/684\/revisions"}],"predecessor-version":[{"id":997,"href":"https:\/\/senmixmaster.com\/fr\/wp-json\/wp\/v2\/pages\/684\/revisions\/997"}],"wp:attachment":[{"href":"https:\/\/senmixmaster.com\/fr\/wp-json\/wp\/v2\/media?parent=684"}],"curies":[{"name":"wp","href":"https:\/\/api.w.org\/{rel}","templated":true}]}}