{"id":710,"date":"2025-04-14T05:10:15","date_gmt":"2025-04-14T03:10:15","guid":{"rendered":"https:\/\/senmixmaster.com\/?page_id=710"},"modified":"2025-07-12T13:47:21","modified_gmt":"2025-07-12T11:47:21","slug":"why-senmixmaster","status":"publish","type":"page","link":"https:\/\/senmixmaster.com\/fr\/why-senmixmaster\/","title":{"rendered":"Pourquoi Senmixmaster"},"content":{"rendered":"<div data-elementor-type=\"wp-page\" data-elementor-id=\"710\" class=\"elementor elementor-710\">\n\t\t\t\t<div class=\"elementor-element elementor-element-6a84b64a e-flex e-con-boxed e-con e-parent\" data-id=\"6a84b64a\" data-element_type=\"container\" data-settings=\"{&quot;background_background&quot;:&quot;classic&quot;}\">\n\t\t\t\t\t<div class=\"e-con-inner\">\n\t\t<div class=\"elementor-element elementor-element-4d5bd37f e-flex e-con-boxed e-con e-child\" data-id=\"4d5bd37f\" data-element_type=\"container\">\n\t\t\t\t\t<div class=\"e-con-inner\">\n\t\t\t\t<div class=\"elementor-element elementor-element-60e8433e elementor-widget__width-inherit elementor-widget elementor-widget-jkit_post_date\" data-id=\"60e8433e\" data-element_type=\"widget\" data-widget_type=\"jkit_post_date.default\">\n\t\t\t\t<div class=\"elementor-widget-container\">\n\t\t\t\t\t<div  class=\"jeg-elementor-kit jkit-post-date jeg_module___69f5f36b928dc\" ><p class=\"post-date\">17\/07\/2025<\/p><\/div>\t\t\t\t<\/div>\n\t\t\t\t<\/div>\n\t\t\t\t<div class=\"elementor-element elementor-element-45e8b2a elementor-widget__width-inherit elementor-widget elementor-widget-jkit_post_title\" data-id=\"45e8b2a\" data-element_type=\"widget\" data-widget_type=\"jkit_post_title.default\">\n\t\t\t\t<div class=\"elementor-widget-container\">\n\t\t\t\t\t<div  class=\"jeg-elementor-kit jkit-post-title jeg_module__1_69f5f36b93ad2\" ><h2 class=\"post-title style-color\">Pourquoi Senmixmaster<\/h2><\/div>\t\t\t\t<\/div>\n\t\t\t\t<\/div>\n\t\t\t\t<div class=\"elementor-element elementor-element-3b6c1930 elementor-widget-tablet__width-auto elementor-widget elementor-widget-jkit_post_author\" data-id=\"3b6c1930\" data-element_type=\"widget\" data-widget_type=\"jkit_post_author.default\">\n\t\t\t\t<div class=\"elementor-widget-container\">\n\t\t\t\t\t<div  class=\"jeg-elementor-kit jkit-post-author jeg_module__2_69f5f36b948f9\" ><p class=\"post-author\"> <\/p><\/div>\t\t\t\t<\/div>\n\t\t\t\t<\/div>\n\t\t\t\t\t<\/div>\n\t\t\t\t<\/div>\n\t\t\t\t\t<\/div>\n\t\t\t\t<\/div>\n\t\t<div class=\"elementor-element elementor-element-b51b12d e-flex e-con-boxed e-con e-parent\" data-id=\"b51b12d\" data-element_type=\"container\" data-settings=\"{&quot;background_background&quot;:&quot;classic&quot;}\">\n\t\t\t\t\t<div class=\"e-con-inner\">\n\t\t<div class=\"elementor-element elementor-element-7b72cdf e-con-full e-flex e-con e-child\" data-id=\"7b72cdf\" data-element_type=\"container\">\n\t\t\t\t<div class=\"elementor-element elementor-element-1b5ab5a elementor-widget elementor-widget-image\" data-id=\"1b5ab5a\" data-element_type=\"widget\" data-widget_type=\"image.default\">\n\t\t\t\t<div class=\"elementor-widget-container\">\n\t\t\t\t\t\t\t\t\t\t\t\t\t\t\t<img fetchpriority=\"high\" width=\"750\" height=\"406\"  class=\"attachment-large size-large wp-image-761 lws-optimize-lazyload\" alt=\"\" srcset=\"https:\/\/senmixmaster.com\/wp-content\/uploads\/2025\/04\/azer-1024x555.jpg 1024w, https:\/\/senmixmaster.com\/wp-content\/uploads\/2025\/04\/azer-300x163.jpg 300w, https:\/\/senmixmaster.com\/wp-content\/uploads\/2025\/04\/azer-768x416.jpg 768w, https:\/\/senmixmaster.com\/wp-content\/uploads\/2025\/04\/azer-1536x832.jpg 1536w, https:\/\/senmixmaster.com\/wp-content\/uploads\/2025\/04\/azer-1568x849.jpg 1568w, https:\/\/senmixmaster.com\/wp-content\/uploads\/2025\/04\/azer.jpg 1920w\" sizes=\"(max-width: 750px) 100vw, 750px\" style=\"width:100%;height:54.17%;max-width:1920px\" >\t\t\t\t\t\t\t\t\t\t\t\t\t\t\t<\/div>\n\t\t\t\t<\/div>\n\t\t\t\t<div class=\"elementor-element elementor-element-14e13ae elementor-widget elementor-widget-heading\" data-id=\"14e13ae\" data-element_type=\"widget\" data-widget_type=\"heading.default\">\n\t\t\t\t<div class=\"elementor-widget-container\">\n\t\t\t\t\t<h2 class=\"elementor-heading-title elementor-size-default\">Pourquoi Senmixmaster est immunis\u00e9 contre les outils de d\u00e9tection de musique par IA\u00a0: une approche sans jeu de donn\u00e9es pour l'int\u00e9grit\u00e9 sonore<\/h2>\t\t\t\t<\/div>\n\t\t\t\t<\/div>\n\t\t\t\t<div class=\"elementor-element elementor-element-0e66760 elementor-widget elementor-widget-text-editor\" data-id=\"0e66760\" data-element_type=\"widget\" data-widget_type=\"text-editor.default\">\n\t\t\t\t<div class=\"elementor-widget-container\">\n\t\t\t\t\t\t\t\t\t<p>Un syst\u00e8me de d\u00e9tection d'IA est capable d'identifier la musique g\u00e9n\u00e9r\u00e9e par divers mod\u00e8les g\u00e9n\u00e9ratifs, notamment des plateformes comme Suno et Udio. L'architecture du syst\u00e8me est con\u00e7ue pour \u00eatre extensible, permettant l'int\u00e9gration de capacit\u00e9s de d\u00e9tection pour pratiquement n'importe quel outil g\u00e9n\u00e9ratif suppl\u00e9mentaire, \u00e0 condition de disposer d'\u00e9chantillons de donn\u00e9es repr\u00e9sentatifs. En principe, toute musique g\u00e9n\u00e9r\u00e9e via une plateforme s'appuyant sur un ensemble de donn\u00e9es peut \u00eatre signal\u00e9e et potentiellement supprim\u00e9e des services de streaming par cet outil de d\u00e9tection.<\/p><p>Senmixmaster fonctionne selon un paradigme fondamentalement diff\u00e9rent. Plut\u00f4t que de s'appuyer sur des donn\u00e9es d'entra\u00eenement issues d'ensembles de donn\u00e9es existants, notre plateforme est d\u00e9velopp\u00e9e en collaboration directe avec des ing\u00e9nieurs du son, int\u00e9grant leur expertise m\u00e9tier \u00e0 l'architecture syst\u00e8me.<\/p><p>Avec Senmixmaster, votre musique reste ind\u00e9tectable par les d\u00e9tecteurs d'IA bas\u00e9s sur des ensembles de donn\u00e9es, vous offrant ainsi une tranquillit\u00e9 d'esprit et garantissant la long\u00e9vit\u00e9 de votre travail cr\u00e9atif.<\/p>\t\t\t\t\t\t\t\t<\/div>\n\t\t\t\t<\/div>\n\t\t\t\t<div class=\"elementor-element elementor-element-60d36f2 elementor-widget-divider--view-line elementor-widget elementor-widget-divider\" data-id=\"60d36f2\" data-element_type=\"widget\" data-widget_type=\"divider.default\">\n\t\t\t\t<div class=\"elementor-widget-container\">\n\t\t\t\t\t\t\t<div class=\"elementor-divider\">\n\t\t\t<span class=\"elementor-divider-separator\">\n\t\t\t\t\t\t<\/span>\n\t\t<\/div>\n\t\t\t\t\t\t<\/div>\n\t\t\t\t<\/div>\n\t\t\t\t<\/div>\n\t\t\t\t\t<\/div>\n\t\t\t\t<\/div>\n\t\t\t\t<\/div>","protected":false},"excerpt":{"rendered":"<p>17\/07\/2025 Why Senmixmaster Why Senmixmaster Is Immune to AI Music Detection Tools: A Dataset-Free Approach to Sonic Integrity&#8221; An AI detection system is capable of identifying music generated by a range of generative models, including platforms like Suno and Udio. The system\u2019s architecture is designed to be extensible, allowing for the integration of detection capabilities&hellip; <a class=\"more-link\" href=\"https:\/\/senmixmaster.com\/fr\/why-senmixmaster\/\">Poursuivre la lecture <span class=\"screen-reader-text\">Pourquoi Senmixmaster<\/span><\/a><\/p>","protected":false},"author":2,"featured_media":0,"parent":0,"menu_order":0,"comment_status":"closed","ping_status":"closed","template":"elementor_header_footer","meta":{"footnotes":""},"class_list":["post-710","page","type-page","status-publish","hentry","entry"],"_links":{"self":[{"href":"https:\/\/senmixmaster.com\/fr\/wp-json\/wp\/v2\/pages\/710","targetHints":{"allow":["GET"]}}],"collection":[{"href":"https:\/\/senmixmaster.com\/fr\/wp-json\/wp\/v2\/pages"}],"about":[{"href":"https:\/\/senmixmaster.com\/fr\/wp-json\/wp\/v2\/types\/page"}],"author":[{"embeddable":true,"href":"https:\/\/senmixmaster.com\/fr\/wp-json\/wp\/v2\/users\/2"}],"replies":[{"embeddable":true,"href":"https:\/\/senmixmaster.com\/fr\/wp-json\/wp\/v2\/comments?post=710"}],"version-history":[{"count":16,"href":"https:\/\/senmixmaster.com\/fr\/wp-json\/wp\/v2\/pages\/710\/revisions"}],"predecessor-version":[{"id":994,"href":"https:\/\/senmixmaster.com\/fr\/wp-json\/wp\/v2\/pages\/710\/revisions\/994"}],"wp:attachment":[{"href":"https:\/\/senmixmaster.com\/fr\/wp-json\/wp\/v2\/media?parent=710"}],"curies":[{"name":"wp","href":"https:\/\/api.w.org\/{rel}","templated":true}]}}