{"id":720,"date":"2025-04-14T05:24:21","date_gmt":"2025-04-14T03:24:21","guid":{"rendered":"https:\/\/senmixmaster.com\/?page_id=720"},"modified":"2025-07-12T13:49:45","modified_gmt":"2025-07-12T11:49:45","slug":"how-to-prepare-your-mix-for-mastering-on-semixmaster-engine","status":"publish","type":"page","link":"https:\/\/senmixmaster.com\/fr\/how-to-prepare-your-mix-for-mastering-on-semixmaster-engine\/","title":{"rendered":"Comment pr\u00e9parer votre mix pour le mastering pour la plateforme Semixmaster"},"content":{"rendered":"<div data-elementor-type=\"wp-page\" data-elementor-id=\"720\" class=\"elementor elementor-720\">\n\t\t\t\t<div class=\"elementor-element elementor-element-5b7eb91e e-flex e-con-boxed e-con e-parent\" data-id=\"5b7eb91e\" data-element_type=\"container\" data-settings=\"{&quot;background_background&quot;:&quot;classic&quot;}\">\n\t\t\t\t\t<div class=\"e-con-inner\">\n\t\t<div class=\"elementor-element elementor-element-5b1d5b8 e-flex e-con-boxed e-con e-child\" data-id=\"5b1d5b8\" data-element_type=\"container\">\n\t\t\t\t\t<div class=\"e-con-inner\">\n\t\t\t\t<div class=\"elementor-element elementor-element-ca4e015 elementor-widget__width-inherit elementor-widget elementor-widget-jkit_post_date\" data-id=\"ca4e015\" data-element_type=\"widget\" data-widget_type=\"jkit_post_date.default\">\n\t\t\t\t<div class=\"elementor-widget-container\">\n\t\t\t\t\t<div  class=\"jeg-elementor-kit jkit-post-date jeg_module___69f5e44a15e04\" ><p class=\"post-date\">17\/07\/2025<\/p><\/div>\t\t\t\t<\/div>\n\t\t\t\t<\/div>\n\t\t\t\t<div class=\"elementor-element elementor-element-6534142a elementor-widget__width-inherit elementor-widget elementor-widget-jkit_post_title\" data-id=\"6534142a\" data-element_type=\"widget\" data-widget_type=\"jkit_post_title.default\">\n\t\t\t\t<div class=\"elementor-widget-container\">\n\t\t\t\t\t<div  class=\"jeg-elementor-kit jkit-post-title jeg_module__1_69f5e44a16c17\" ><h2 class=\"post-title style-color\">Comment pr\u00e9parer votre mix pour le mastering pour la plateforme Semixmaster<\/h2><\/div>\t\t\t\t<\/div>\n\t\t\t\t<\/div>\n\t\t\t\t<div class=\"elementor-element elementor-element-16be794d elementor-widget-tablet__width-auto elementor-widget elementor-widget-jkit_post_author\" data-id=\"16be794d\" data-element_type=\"widget\" data-widget_type=\"jkit_post_author.default\">\n\t\t\t\t<div class=\"elementor-widget-container\">\n\t\t\t\t\t<div  class=\"jeg-elementor-kit jkit-post-author jeg_module__2_69f5e44a17b37\" ><p class=\"post-author\"> <\/p><\/div>\t\t\t\t<\/div>\n\t\t\t\t<\/div>\n\t\t\t\t\t<\/div>\n\t\t\t\t<\/div>\n\t\t\t\t\t<\/div>\n\t\t\t\t<\/div>\n\t\t<div class=\"elementor-element elementor-element-a43d892 e-flex e-con-boxed e-con e-parent\" data-id=\"a43d892\" data-element_type=\"container\" data-settings=\"{&quot;background_background&quot;:&quot;classic&quot;}\">\n\t\t\t\t\t<div class=\"e-con-inner\">\n\t\t<div class=\"elementor-element elementor-element-5232fd7 e-con-full e-flex e-con e-child\" data-id=\"5232fd7\" data-element_type=\"container\">\n\t\t\t\t<div class=\"elementor-element elementor-element-111d07c elementor-widget elementor-widget-image\" data-id=\"111d07c\" data-element_type=\"widget\" data-widget_type=\"image.default\">\n\t\t\t\t<div class=\"elementor-widget-container\">\n\t\t\t\t\t\t\t\t\t\t\t\t\t\t\t<img fetchpriority=\"high\" width=\"750\" height=\"406\"  class=\"attachment-large size-large wp-image-973 lws-optimize-lazyload\" alt=\"\" srcset=\"https:\/\/senmixmaster.com\/wp-content\/uploads\/2025\/07\/WEB-ILLUSTRATION-1024x555.jpg 1024w, https:\/\/senmixmaster.com\/wp-content\/uploads\/2025\/07\/WEB-ILLUSTRATION-300x162.jpg 300w, https:\/\/senmixmaster.com\/wp-content\/uploads\/2025\/07\/WEB-ILLUSTRATION-768x416.jpg 768w, https:\/\/senmixmaster.com\/wp-content\/uploads\/2025\/07\/WEB-ILLUSTRATION-1536x832.jpg 1536w, https:\/\/senmixmaster.com\/wp-content\/uploads\/2025\/07\/WEB-ILLUSTRATION-2048x1109.jpg 2048w, https:\/\/senmixmaster.com\/wp-content\/uploads\/2025\/07\/WEB-ILLUSTRATION-18x10.jpg 18w, https:\/\/senmixmaster.com\/wp-content\/uploads\/2025\/07\/WEB-ILLUSTRATION-1568x849.jpg 1568w\" sizes=\"(max-width: 750px) 100vw, 750px\" style=\"width:100%;height:54.18%;max-width:2560px\" >\t\t\t\t\t\t\t\t\t\t\t\t\t\t\t<\/div>\n\t\t\t\t<\/div>\n\t\t\t\t<div class=\"elementor-element elementor-element-7f07d87 elementor-widget elementor-widget-heading\" data-id=\"7f07d87\" data-element_type=\"widget\" data-widget_type=\"heading.default\">\n\t\t\t\t<div class=\"elementor-widget-container\">\n\t\t\t\t\t<h2 class=\"elementor-heading-title elementor-size-default\">Pourquoi Senmixmaster est immunis\u00e9 contre les outils de d\u00e9tection de musique par IA\u00a0: une approche sans jeu de donn\u00e9es pour l'int\u00e9grit\u00e9 sonore<\/h2>\t\t\t\t<\/div>\n\t\t\t\t<\/div>\n\t\t\t\t<div class=\"elementor-element elementor-element-cbb4314 elementor-widget elementor-widget-text-editor\" data-id=\"cbb4314\" data-element_type=\"widget\" data-widget_type=\"text-editor.default\">\n\t\t\t\t<div class=\"elementor-widget-container\">\n\t\t\t\t\t\t\t\t\t<p><strong>1. Laissez une marge de man\u0153uvre<\/strong><br \/>Visez un niveau de cr\u00eate de -6 \u00e0 -3 dB sur votre sortie master. D\u00e9sactivez certains plugins de mastering avant l'exportation. Tout limiteur, compresseur, maximiseur et autres \u00e9l\u00e9ments servant uniquement \u00e0 augmenter le volume sonore doivent \u00eatre contourn\u00e9s. \u00c9vitez toute limitation ou compression excessive sur le bus master afin de pr\u00e9server la dynamique pour l'\u00e9tape de mastering.<\/p><p>2. <strong>V\u00e9rifier votre mix<\/strong> <strong>in Mono<\/strong><br \/>Assurez-vous que votre mixage soit bien rendu en mono. R\u00e9duisez-le et \u00e9coutez si des \u00e9l\u00e9ments cl\u00e9s disparaissent, revoyez la phase et l'image st\u00e9r\u00e9o.<\/p><p><strong>3. Clean Up<\/strong> the Low End<br \/>Utilisez des filtres passe-haut lorsque cela est appropri\u00e9 pour supprimer les basses fr\u00e9quences inutiles sur les instruments non graves.<\/p><p>\u00c9vitez l\u2019accumulation de fr\u00e9quences en vous assurant que le kick et la basse fonctionnent ensemble et ne se battent pas.<\/p><p><strong>4. Utiliser les pistes de r\u00e9f\u00e9rence<\/strong><br \/>Comparez votre mix \u00e0 des morceaux commerciaux de style similaire. Adaptez le ton, l'\u00e9quilibre et l'\u00e9nergie, sans forc\u00e9ment imposer le volume.<\/p><p><strong>5. Label and Export Correctly<\/strong><br \/>Exportez votre mix final sous forme de fichier WAV\/AIFF 24 bits ou 32 bits.<\/p><p>La fr\u00e9quence d'\u00e9chantillonnage doit correspondre \u00e0 votre projet (g\u00e9n\u00e9ralement 44,1 kHz ou 48 kHz).<\/p><p>Nommez clairement votre fichier :<br \/>NomDeLaChanson_Version_Mix.wav<\/p><p><strong>6. \u00c9coutez sur plusieurs syst\u00e8mes<\/strong><br \/>Testez votre mixage sur des \u00e9couteurs, des haut-parleurs de voiture, des \u00e9couteurs intra-auriculaires, des haut-parleurs d\u2019ordinateur portable : vous rep\u00e9rerez des probl\u00e8mes que vous pourriez manquer en studio.<\/p><p><strong>7. Supprimez les effets du Master bus (si n\u00e9cessaire)<\/strong><br \/>\u00c0 moins que le traitement de votre bus principal ne soit intentionnel et n'am\u00e9liore le mixage, d\u00e9sactivez tous les limiteurs, clippers ou finaliseurs avant l'exportation.<\/p>\t\t\t\t\t\t\t\t<\/div>\n\t\t\t\t<\/div>\n\t\t<div class=\"elementor-element elementor-element-545cf9c e-flex e-con-boxed e-con e-child\" data-id=\"545cf9c\" data-element_type=\"container\" data-settings=\"{&quot;background_background&quot;:&quot;gradient&quot;}\">\n\t\t\t\t\t<div class=\"e-con-inner\">\n\t\t\t\t<div class=\"elementor-element elementor-element-77d6d1d elementor-widget elementor-widget-heading\" data-id=\"77d6d1d\" data-element_type=\"widget\" data-widget_type=\"heading.default\">\n\t\t\t\t<div class=\"elementor-widget-container\">\n\t\t\t\t\t<h3 class=\"elementor-heading-title elementor-size-default\">Notre Mot<\/h3>\t\t\t\t<\/div>\n\t\t\t\t<\/div>\n\t\t\t\t<div class=\"elementor-element elementor-element-e2630d8 elementor-widget elementor-widget-text-editor\" data-id=\"e2630d8\" data-element_type=\"widget\" data-widget_type=\"text-editor.default\">\n\t\t\t\t<div class=\"elementor-widget-container\">\n\t\t\t\t\t\t\t\t\t<p><em>A well-prepared mix makes mastering magic.<\/em><\/p>\t\t\t\t\t\t\t\t<\/div>\n\t\t\t\t<\/div>\n\t\t\t\t\t<\/div>\n\t\t\t\t<\/div>\n\t\t\t\t<div class=\"elementor-element elementor-element-5244f98 elementor-widget-divider--view-line elementor-widget elementor-widget-divider\" data-id=\"5244f98\" data-element_type=\"widget\" data-widget_type=\"divider.default\">\n\t\t\t\t<div class=\"elementor-widget-container\">\n\t\t\t\t\t\t\t<div class=\"elementor-divider\">\n\t\t\t<span class=\"elementor-divider-separator\">\n\t\t\t\t\t\t<\/span>\n\t\t<\/div>\n\t\t\t\t\t\t<\/div>\n\t\t\t\t<\/div>\n\t\t\t\t<\/div>\n\t\t\t\t\t<\/div>\n\t\t\t\t<\/div>\n\t\t\t\t<\/div>","protected":false},"excerpt":{"rendered":"<p>17\/07\/2025 How to prepare your mix for mastering on Semixmaster engine Why Senmixmaster Is Immune to AI Music Detection Tools: A Dataset-Free Approach to Sonic Integrity&#8221; 1. Leave HeadroomAim for -6dB to -3dB peak level on your master output. Disable some of the mastering plugins before export. Any limiter, compressor, maximizer and others that\u2019s just&hellip; <a class=\"more-link\" href=\"https:\/\/senmixmaster.com\/fr\/how-to-prepare-your-mix-for-mastering-on-semixmaster-engine\/\">Poursuivre la lecture <span class=\"screen-reader-text\">Comment pr\u00e9parer votre mix pour le mastering pour la plateforme Semixmaster<\/span><\/a><\/p>","protected":false},"author":2,"featured_media":0,"parent":0,"menu_order":0,"comment_status":"closed","ping_status":"closed","template":"elementor_header_footer","meta":{"footnotes":""},"class_list":["post-720","page","type-page","status-publish","hentry","entry"],"_links":{"self":[{"href":"https:\/\/senmixmaster.com\/fr\/wp-json\/wp\/v2\/pages\/720","targetHints":{"allow":["GET"]}}],"collection":[{"href":"https:\/\/senmixmaster.com\/fr\/wp-json\/wp\/v2\/pages"}],"about":[{"href":"https:\/\/senmixmaster.com\/fr\/wp-json\/wp\/v2\/types\/page"}],"author":[{"embeddable":true,"href":"https:\/\/senmixmaster.com\/fr\/wp-json\/wp\/v2\/users\/2"}],"replies":[{"embeddable":true,"href":"https:\/\/senmixmaster.com\/fr\/wp-json\/wp\/v2\/comments?post=720"}],"version-history":[{"count":19,"href":"https:\/\/senmixmaster.com\/fr\/wp-json\/wp\/v2\/pages\/720\/revisions"}],"predecessor-version":[{"id":1006,"href":"https:\/\/senmixmaster.com\/fr\/wp-json\/wp\/v2\/pages\/720\/revisions\/1006"}],"wp:attachment":[{"href":"https:\/\/senmixmaster.com\/fr\/wp-json\/wp\/v2\/media?parent=720"}],"curies":[{"name":"wp","href":"https:\/\/api.w.org\/{rel}","templated":true}]}}